{"id":10404,"date":"2025-03-20T22:04:33","date_gmt":"2025-03-20T22:04:33","guid":{"rendered":"https:\/\/zetanutrition.hr\/product\/kofein-200mg-120-kapsula\/"},"modified":"2025-03-21T10:21:19","modified_gmt":"2025-03-21T10:21:19","slug":"kofein-200mg-120-kapsula","status":"publish","type":"product","link":"https:\/\/zetanutrition.hr\/sl\/izdelek\/kofein-200mg-120-kapsula\/","title":{"rendered":"Kofein 200 mg 120 kapsul"},"content":{"rendered":"<p>Kaj je brezvodni kofein?<\/p>\n<p>Brezvodni kofein ni ni\u010d drugega kot kofein v dehidrirani obliki. Ta oblika omogo\u010da natan\u010dno merjenje odmerka kofeina, kot tudi dopolnilo v obliki pra\u0161ka ali kapsul.\u00a0\u00a0CaffeineImmune-Labs Kofein je najkakovostnej\u0161e prehransko dopolnilo, ki vsebuje brezvodni kofein v obliki kapsul. To dopolnilo je odli\u010dna re\u0161itev za osebe s pove\u010danimi psihofizi\u010dnimi napori, \u0161portnike, voznike ali \u0161tudente, ki trenirajo. Zahvaljujo\u010d kofeinu v obliki kapsul odpravimo negativne u\u010dinke u\u017eivanja kofeina v obliki kave, kot je razbarvanje. Dodatek lahko pomaga pove\u010dati raven energije, zmanj\u0161ati utrujenost ali izbolj\u0161ati \u0161portne rezultate<\/p>\n<p>Najpomembnej\u0161e prednosti<\/p>\n<p>Spodbuja in dodaja energijo<br \/>\nPodpira presnovo<br \/>\nZmanj\u0161uje ob\u010dutek zaspanosti<br \/>\nPove\u010da stopnjo zadovoljstva<br \/>\nPrimerna oblika kapsul<br \/>\nPove\u010danje u\u010dinkovitosti treninga<\/p>\n\n    <div class=\"xs_social_share_widget xs_share_url after_content \t\tmain_content  wslu-style-1 wslu-share-box-shaped wslu-fill-colored wslu-none wslu-share-horizontal wslu-theme-font-no wslu-main_content\">\n\n\t\t\n        <ul>\n\t\t\t        <\/ul>\n    <\/div> \n","protected":false},"excerpt":{"rendered":"<p>Kaj je brezvodni kofein? Brezvodni kofein ni ni\u010d drugega kot kofein v dehidrirani obliki. Ta oblika omogo\u010da natan\u010dno merjenje odmerka kofeina, kot tudi dopolnilo v obliki pra\u0161ka ali kapsul.\u00a0\u00a0CaffeineImmune-Labs Kofein je najkakovostnej\u0161e prehransko dopolnilo, ki vsebuje brezvodni kofein v obliki kapsul. To dopolnilo je odli\u010dna re\u0161itev za osebe s pove\u010danimi psihofizi\u010dnimi napori, \u0161portnike, voznike ali [&hellip;]<\/p>\n","protected":false},"featured_media":10397,"comment_status":"open","ping_status":"closed","template":"","meta":{"_acf_changed":false,"bwfblock_default_font":"","content-type":""},"brand":[],"product_brand":[],"product_cat":[158,151,137,134,160,149],"product_tag":[],"class_list":{"0":"post-10404","1":"product","2":"type-product","3":"status-publish","4":"has-post-thumbnail","6":"product_cat-akcija-sl","7":"product_cat-ojacevalci-hormonov-sl","8":"product_cat-preworkout-sl","9":"product_cat-sportna-prehrana-sl","10":"product_cat-vitamini-i-minerali-sl","11":"product_cat-zdravje-sl","13":"first","14":"instock","15":"sale","16":"purchasable","17":"product-type-simple"},"acf":[],"_links":{"self":[{"href":"https:\/\/zetanutrition.hr\/sl\/wp-json\/wp\/v2\/product\/10404","targetHints":{"allow":["GET"]}}],"collection":[{"href":"https:\/\/zetanutrition.hr\/sl\/wp-json\/wp\/v2\/product"}],"about":[{"href":"https:\/\/zetanutrition.hr\/sl\/wp-json\/wp\/v2\/types\/product"}],"replies":[{"embeddable":true,"href":"https:\/\/zetanutrition.hr\/sl\/wp-json\/wp\/v2\/comments?post=10404"}],"wp:featuredmedia":[{"embeddable":true,"href":"https:\/\/zetanutrition.hr\/sl\/wp-json\/wp\/v2\/media\/10397"}],"wp:attachment":[{"href":"https:\/\/zetanutrition.hr\/sl\/wp-json\/wp\/v2\/media?parent=10404"}],"wp:term":[{"taxonomy":"brand","embeddable":true,"href":"https:\/\/zetanutrition.hr\/sl\/wp-json\/wp\/v2\/brand?post=10404"},{"taxonomy":"product_brand","embeddable":true,"href":"https:\/\/zetanutrition.hr\/sl\/wp-json\/wp\/v2\/product_brand?post=10404"},{"taxonomy":"product_cat","embeddable":true,"href":"https:\/\/zetanutrition.hr\/sl\/wp-json\/wp\/v2\/product_cat?post=10404"},{"taxonomy":"product_tag","embeddable":true,"href":"https:\/\/zetanutrition.hr\/sl\/wp-json\/wp\/v2\/product_tag?post=10404"}],"curies":[{"name":"wp","href":"https:\/\/api.w.org\/{rel}","templated":true}]}}