{"id":10041,"date":"2025-02-04T13:11:41","date_gmt":"2025-02-04T13:11:41","guid":{"rendered":"https:\/\/zetanutrition.hr\/product\/beauty-fusion-90-kapsula\/"},"modified":"2025-02-04T13:14:36","modified_gmt":"2025-02-04T13:14:36","slug":"beauty-fusion-90-kapsula","status":"publish","type":"product","link":"https:\/\/zetanutrition.hr\/sl\/izdelek\/beauty-fusion-90-kapsula\/","title":{"rendered":"BEAUTY FUSION 90 kapsula"},"content":{"rendered":"<p>Zumub Beauty Fusion kapsule &#8211; Popolna nega las, ko\u017ee in nohtov<\/p>\n<p>Zumub Beauty Fusion kapsule so bile razvite za podporo lepote od znotraj navzven. Ta dodatek zdru\u017euje mo\u010dno kombinacijo bistvenih vitaminov in mineralov za nego las, ko\u017ee in nohtov, spodbuja zdravje, vitalnost in za\u0161\u010dito pred u\u010dinki oksidativnega stresa.<\/p>\n<p>Lastnosti:<br \/>\nVitamin C (20 mg): Prispeva k normalni tvorbi kolagena, potrebnega za zdravo ko\u017eo in \u0161\u010diti celice pred ne\u017eeleno oksidacijo.<br \/>\nNiacin (8,3 mg NE): pomaga ohranjati zdravo, sijo\u010do ko\u017eo.<br \/>\nCink (2,5 mg):\u00a0Popolna podpora za lase, nohte in ko\u017eo ter spodbuja njihovo zdravje in celovitost.<br \/>\nRiboflavin (2 mg):\u00a0\u00a0\u0160\u010diti celice pred oksidativnim stresom in prispeva k zdravju sluznice in ko\u017ee.<br \/>\nMangan (1,64 mg):\u00a0pomemben za za\u0161\u010dito celic pred ne\u017eeleno oksidacijo.<br \/>\nSelen (15 \u00b5g): pomaga ohranjati mo\u010dne, zdrave lase in nohte.<br \/>\nVeganska formula:\u00a0Idealna za tiste, ki i\u0161\u010dejo naravno re\u0161itev brez \u017eivali.<br \/>\nZakaj izbrati kapsule Zumub Beauty Fusion?<\/p>\n<ul>\n<li>Popolna nega:\u00a0Spodbuja zdrave lase, ko\u017eo in nohte z uravnote\u017eeno in u\u010dinkovito formulo.<br \/>\nAntioksidativna za\u0161\u010dita:\u00a0\u0161\u010diti celice pred oksidativnim stresom in se bori proti znakom prezgodnjega staranja.<br \/>\nPrakti\u010dno in prakti\u010dno:\u00a0ena kapsula na dan je dovolj, da jo vklju\u010dite v svojo dnevno lepotno rutino.<\/p>\n<p>Zumub Beauty Fusion kapsule &#8211; Formula, ki skrbi za va\u0161o lepoto od znotraj!<\/p>\n<p>Zavrnitev odgovornosti: Ta izdelek ni namenjen diagnosticiranju, zdravljenju ali prepre\u010devanju katere koli bolezni. Rezultati se lahko razlikujejo od posameznika do posameznika, odvisno od \u0161tevilnih dejavnikov, vklju\u010dno s spolom in starostjo.<\/li>\n<\/ul>\n\n    <div class=\"xs_social_share_widget xs_share_url after_content \t\tmain_content  wslu-style-1 wslu-share-box-shaped wslu-fill-colored wslu-none wslu-share-horizontal wslu-theme-font-no wslu-main_content\">\n\n\t\t\n        <ul>\n\t\t\t        <\/ul>\n    <\/div> \n","protected":false},"excerpt":{"rendered":"<p>Zumub Beauty Fusion kapsule &#8211; Popolna nega las, ko\u017ee in nohtov Zumub Beauty Fusion kapsule so bile razvite za podporo lepote od znotraj navzven. Ta dodatek zdru\u017euje mo\u010dno kombinacijo bistvenih vitaminov in mineralov za nego las, ko\u017ee in nohtov, spodbuja zdravje, vitalnost in za\u0161\u010dito pred u\u010dinki oksidativnega stresa. Lastnosti: Vitamin C (20 mg): Prispeva k [&hellip;]<\/p>\n","protected":false},"featured_media":10039,"comment_status":"open","ping_status":"closed","template":"","meta":{"_acf_changed":false,"bwfblock_default_font":"","content-type":""},"brand":[],"product_brand":[],"product_cat":[158,672,149],"product_tag":[],"class_list":{"0":"post-10041","1":"product","2":"type-product","3":"status-publish","4":"has-post-thumbnail","6":"product_cat-akcija-sl","7":"product_cat-lepoto-in-nego","8":"product_cat-zdravje-sl","10":"first","11":"instock","12":"sale","13":"purchasable","14":"product-type-simple"},"acf":[],"_links":{"self":[{"href":"https:\/\/zetanutrition.hr\/sl\/wp-json\/wp\/v2\/product\/10041","targetHints":{"allow":["GET"]}}],"collection":[{"href":"https:\/\/zetanutrition.hr\/sl\/wp-json\/wp\/v2\/product"}],"about":[{"href":"https:\/\/zetanutrition.hr\/sl\/wp-json\/wp\/v2\/types\/product"}],"replies":[{"embeddable":true,"href":"https:\/\/zetanutrition.hr\/sl\/wp-json\/wp\/v2\/comments?post=10041"}],"wp:featuredmedia":[{"embeddable":true,"href":"https:\/\/zetanutrition.hr\/sl\/wp-json\/wp\/v2\/media\/10039"}],"wp:attachment":[{"href":"https:\/\/zetanutrition.hr\/sl\/wp-json\/wp\/v2\/media?parent=10041"}],"wp:term":[{"taxonomy":"brand","embeddable":true,"href":"https:\/\/zetanutrition.hr\/sl\/wp-json\/wp\/v2\/brand?post=10041"},{"taxonomy":"product_brand","embeddable":true,"href":"https:\/\/zetanutrition.hr\/sl\/wp-json\/wp\/v2\/product_brand?post=10041"},{"taxonomy":"product_cat","embeddable":true,"href":"https:\/\/zetanutrition.hr\/sl\/wp-json\/wp\/v2\/product_cat?post=10041"},{"taxonomy":"product_tag","embeddable":true,"href":"https:\/\/zetanutrition.hr\/sl\/wp-json\/wp\/v2\/product_tag?post=10041"}],"curies":[{"name":"wp","href":"https:\/\/api.w.org\/{rel}","templated":true}]}}