{"id":6374,"date":"2024-10-16T08:02:23","date_gmt":"2024-10-16T08:02:23","guid":{"rendered":"https:\/\/zetanutrition.hrdostava\/"},"modified":"2025-07-02T09:18:45","modified_gmt":"2025-07-02T09:18:45","slug":"dostava","status":"publish","type":"page","link":"https:\/\/zetanutrition.hr\/sl\/dostava\/","title":{"rendered":"Dostava"},"content":{"rendered":"\n<p>Dostava izdelkov poteka na obmo\u010dju Republike Hrva\u0161ke, Slovenije, Avstrije, Nem\u010dije, Bosne in Hercegovine, Bolgarije, Danske, Mad\u017earske, Irske, Italije, \u010crne gore, Nizozemske, Poljske, Romunije, Srbije in Velike Britanije. Dostavo izvaja dostavna slu\u017eba DPD in UPS. Skladno s tem se uporabniku prika\u017ee obvestilo ob kreiranju naro\u010dila ter pred njegovo sklenitvijo in pla\u010dilom.<\/p>\n\n\n\n<p>Cena dostave je 5 EUR z DDV na Hrva\u0161kem.<\/p>\n\n\n\n<p>Dostava za omenjene dr\u017eave zna\u0161a:<\/p>\n\n\n\n<p>Avstrija &#8211; 8 EUR<\/p>\n\n\n\n<p>Slovenija &#8211; 6 EUR<\/p>\n\n\n\n<p>Nem\u010dija &#8211; 9 EUR<\/p>\n\n\n\n<p>BiH &#8211; 32 EUR<\/p>\n\n\n\n<p>Bolgarija &#8211; 9 EUR<\/p>\n\n\n\n<p>Danska &#8211; 12 EUR<\/p>\n\n\n\n<p>Mad\u017earska &#8211; 7 EUR<\/p>\n\n\n\n<p>Irska &#8211; 13 EUR<\/p>\n\n\n\n<p>Italija &#8211; 14 EUR<\/p>\n\n\n\n<p>\u010crna gora &#8211; 15.10 EUR<\/p>\n\n\n\n<p>Nizozemska &#8211; 12 EUR<\/p>\n\n\n\n<p>Poljska &#8211; 9 EUR<\/p>\n\n\n\n<p>Romunija &#8211; 9 EUR<\/p>\n\n\n\n<p>Srbija &#8211; 15.10 EUR<\/p>\n\n\n\n<p>Velika Britanija &#8211; 20.26 EUR<\/p>\n\n\n\n<p>Brezpla\u010dna dostava za vsa naro\u010dila nad 54,99 EUR vrednosti za Hrva\u0161ko, za Slovenijo za vsa naro\u010dila nad 100 EUR.<\/p>\n\n\n\n<p>Naro\u010dene izdelke dostavimo kupcu:<\/p>\n\n\n\n<ul class=\"wp-block-list\">\n<li>z dostavno slu\u017ebo DPD in UPS<\/li>\n<\/ul>\n\n\n\n<p>Po odpremi naro\u010dila bo kupec prejel e-po\u0161tno sporo\u010dilo ali SMS s \u0161tevilko po\u0161iljke in navodili za sledenje.<\/p>\n\n\n\n<p>Dobavni rok razpolo\u017eljivih izdelkov je od 1 do najve\u010d 10 delovnih dni znotraj Hrva\u0161ke, Slovenije in drugih dr\u017eav, navedeni rok pa za\u010dne te\u010di od trenutka oddaje naro\u010dila v primeru pla\u010dila po povzetju oziroma od vidnega pla\u010dila v primeru transakcijskega pla\u010dila.<\/p>\n\n\n\n<p>Izjema so dostave na otoke Republike Hrva\u0161ke, ki se izvajajo po vnaprej dolo\u010denem urniku dostavne slu\u017ebe na otoke, dostopnem na spletni strani omenjene dostavne slu\u017ebe.<\/p>\n\n\n\n<p>Pri prevzemu v poslovalnici je rok za prevzem od 1 do 3 delovne dni.<\/p>\n\n    <div class=\"xs_social_share_widget xs_share_url after_content \t\tmain_content  wslu-style-1 wslu-share-box-shaped wslu-fill-colored wslu-none wslu-share-horizontal wslu-theme-font-no wslu-main_content\">\n\n\t\t\n        <ul>\n\t\t\t        <\/ul>\n    <\/div> \n","protected":false},"excerpt":{"rendered":"<p>Dostava izdelkov poteka na obmo\u010dju Republike Hrva\u0161ke, Slovenije, Avstrije, Nem\u010dije, Bosne in Hercegovine, Bolgarije, Danske, Mad\u017earske, Irske, Italije, \u010crne gore, Nizozemske, Poljske, Romunije, Srbije in Velike Britanije. Dostavo izvaja dostavna slu\u017eba DPD in UPS. Skladno s tem se uporabniku prika\u017ee obvestilo ob kreiranju naro\u010dila ter pred njegovo sklenitvijo in pla\u010dilom. Cena dostave je 5 EUR [&hellip;]<\/p>\n","protected":false},"author":50,"featured_media":0,"parent":0,"menu_order":0,"comment_status":"closed","ping_status":"closed","template":"template-politika-privatnosti.php","meta":{"_acf_changed":false,"bwfblock_default_font":"","content-type":"","footnotes":""},"class_list":["post-6374","page","type-page","status-publish","hentry"],"acf":[],"_links":{"self":[{"href":"https:\/\/zetanutrition.hr\/sl\/wp-json\/wp\/v2\/pages\/6374","targetHints":{"allow":["GET"]}}],"collection":[{"href":"https:\/\/zetanutrition.hr\/sl\/wp-json\/wp\/v2\/pages"}],"about":[{"href":"https:\/\/zetanutrition.hr\/sl\/wp-json\/wp\/v2\/types\/page"}],"author":[{"embeddable":true,"href":"https:\/\/zetanutrition.hr\/sl\/wp-json\/wp\/v2\/users\/50"}],"replies":[{"embeddable":true,"href":"https:\/\/zetanutrition.hr\/sl\/wp-json\/wp\/v2\/comments?post=6374"}],"version-history":[{"count":8,"href":"https:\/\/zetanutrition.hr\/sl\/wp-json\/wp\/v2\/pages\/6374\/revisions"}],"predecessor-version":[{"id":13831,"href":"https:\/\/zetanutrition.hr\/sl\/wp-json\/wp\/v2\/pages\/6374\/revisions\/13831"}],"wp:attachment":[{"href":"https:\/\/zetanutrition.hr\/sl\/wp-json\/wp\/v2\/media?parent=6374"}],"curies":[{"name":"wp","href":"https:\/\/api.w.org\/{rel}","templated":true}]}}