{"id":6337,"date":"2020-03-13T15:28:00","date_gmt":"2020-03-13T15:28:00","guid":{"rendered":"https:\/\/zetanutrition.hro-nama\/"},"modified":"2024-10-22T17:59:42","modified_gmt":"2024-10-22T17:59:42","slug":"o-nas","status":"publish","type":"page","link":"https:\/\/zetanutrition.hr\/sl\/o-nas\/","title":{"rendered":"O nas"},"content":{"rendered":"<p>ZETA NUTRITION je trgovina s \u0161portnimi dodatki, ki deluje po vsej Republiki Hrva\u0161ki, z namenom promocije zdravega in kakovostnega na\u010dina \u017eivljenja. Cilj je usmeriti \u0161portnike in rekreativce v kakovostna \u0161portna dopolnila. Med drugim smo generalni distributer blagovne znamke ZUMUB in drugih priznanih blagovnih znamk, ki so prisotne na trgu. V trgovini ZETA NUTRITION boste na\u0161li tudi druge blagovne znamke, kot so Applied Nutrition, Mutant, MuscleTech, Scitec Nutrition in druge. V sklopu spletne trgovine smo odprti tudi za nasvete glede treninga in prehrane. Kmalu bo \u0161e veliko ve\u010d, zato nas spremljajte na Facebooku in Instagramu! Za kakr\u0161no koli sodelovanje v zvezi s promocijo na\u0161ih izdelkov in spletne trgovine nas lahko kontaktirate na navedeno kontaktno \u0161tevilko ali e-po\u0161to. Ali \u017eelite svoj fitnes center ali \u0161portni klub oskrbeti z na\u0161imi izdelki? Vabimo vas, da to storite in nas kontaktirate na navedene kontakte. <\/p>\n\n    <div class=\"xs_social_share_widget xs_share_url after_content \t\tmain_content  wslu-style-1 wslu-share-box-shaped wslu-fill-colored wslu-none wslu-share-horizontal wslu-theme-font-no wslu-main_content\">\n\n\t\t\n        <ul>\n\t\t\t        <\/ul>\n    <\/div> \n","protected":false},"excerpt":{"rendered":"<p>Massa sed elementum tempus egestas sed sed risus. Risus at ultrices mi tempus imperdiet nulla malesuada pellentesque elit. <\/p>\n","protected":false},"author":50,"featured_media":6382,"parent":0,"menu_order":0,"comment_status":"closed","ping_status":"closed","template":"template-onama.php","meta":{"_acf_changed":false,"bwfblock_default_font":"","content-type":"","footnotes":""},"class_list":["post-6337","page","type-page","status-publish","has-post-thumbnail","hentry"],"acf":[],"_links":{"self":[{"href":"https:\/\/zetanutrition.hr\/sl\/wp-json\/wp\/v2\/pages\/6337","targetHints":{"allow":["GET"]}}],"collection":[{"href":"https:\/\/zetanutrition.hr\/sl\/wp-json\/wp\/v2\/pages"}],"about":[{"href":"https:\/\/zetanutrition.hr\/sl\/wp-json\/wp\/v2\/types\/page"}],"author":[{"embeddable":true,"href":"https:\/\/zetanutrition.hr\/sl\/wp-json\/wp\/v2\/users\/50"}],"replies":[{"embeddable":true,"href":"https:\/\/zetanutrition.hr\/sl\/wp-json\/wp\/v2\/comments?post=6337"}],"version-history":[{"count":3,"href":"https:\/\/zetanutrition.hr\/sl\/wp-json\/wp\/v2\/pages\/6337\/revisions"}],"predecessor-version":[{"id":6379,"href":"https:\/\/zetanutrition.hr\/sl\/wp-json\/wp\/v2\/pages\/6337\/revisions\/6379"}],"wp:featuredmedia":[{"embeddable":true,"href":"https:\/\/zetanutrition.hr\/sl\/wp-json\/wp\/v2\/media\/6382"}],"wp:attachment":[{"href":"https:\/\/zetanutrition.hr\/sl\/wp-json\/wp\/v2\/media?parent=6337"}],"curies":[{"name":"wp","href":"https:\/\/api.w.org\/{rel}","templated":true}]}}