{"id":8855,"date":"2024-11-07T07:32:27","date_gmt":"2024-11-07T07:32:27","guid":{"rendered":"https:\/\/zetanutrition.hrbrand\/"},"modified":"2025-05-13T15:37:13","modified_gmt":"2025-05-13T15:37:13","slug":"brand-suplemenata","status":"publish","type":"page","link":"https:\/\/zetanutrition.hr\/en\/brand-suplemenata\/","title":{"rendered":"Brand suplemenata"},"content":{"rendered":"<div id=\"trustindex-feed-container-6469fa53bc64973\"><\/div>\n\n\n\n<p><a href=\"https:\/\/zetanutrition.hr\/brand\/\">Brand suplemenata<\/a> &#8211; prona\u0107i \u0107e\u0161 premium brandove visoke kvalitete. Najkvalitetniji <a href=\"https:\/\/zetanutrition.hr\/en\/product-category\/proteins-eng\/\">whey proteini<\/a>, dodaci prehrani i <a href=\"https:\/\/zetanutrition.hr\/en\/product-category\/sports-nutrition-en\/\">sportski suplementi<\/a>.<\/p>\n\n\n\n<p><\/p>\n\n    <div class=\"xs_social_share_widget xs_share_url after_content \t\tmain_content  wslu-style-1 wslu-share-box-shaped wslu-fill-colored wslu-none wslu-share-horizontal wslu-theme-font-no wslu-main_content\">\n\n\t\t\n        <ul>\n\t\t\t        <\/ul>\n    <\/div> \n","protected":false},"excerpt":{"rendered":"<p>Brand suplemenata &#8211; prona\u0107i \u0107e\u0161 premium brandove visoke kvalitete. Najkvalitetniji whey proteini, dodaci prehrani i sportski suplementi.<\/p>\n","protected":false},"author":50,"featured_media":0,"parent":0,"menu_order":0,"comment_status":"closed","ping_status":"closed","template":"template-brand.php","meta":{"_acf_changed":false,"bwfblock_default_font":"","content-type":"","footnotes":""},"class_list":["post-8855","page","type-page","status-publish","hentry"],"acf":[],"_links":{"self":[{"href":"https:\/\/zetanutrition.hr\/en\/wp-json\/wp\/v2\/pages\/8855","targetHints":{"allow":["GET"]}}],"collection":[{"href":"https:\/\/zetanutrition.hr\/en\/wp-json\/wp\/v2\/pages"}],"about":[{"href":"https:\/\/zetanutrition.hr\/en\/wp-json\/wp\/v2\/types\/page"}],"author":[{"embeddable":true,"href":"https:\/\/zetanutrition.hr\/en\/wp-json\/wp\/v2\/users\/50"}],"replies":[{"embeddable":true,"href":"https:\/\/zetanutrition.hr\/en\/wp-json\/wp\/v2\/comments?post=8855"}],"version-history":[{"count":6,"href":"https:\/\/zetanutrition.hr\/en\/wp-json\/wp\/v2\/pages\/8855\/revisions"}],"predecessor-version":[{"id":10894,"href":"https:\/\/zetanutrition.hr\/en\/wp-json\/wp\/v2\/pages\/8855\/revisions\/10894"}],"wp:attachment":[{"href":"https:\/\/zetanutrition.hr\/en\/wp-json\/wp\/v2\/media?parent=8855"}],"curies":[{"name":"wp","href":"https:\/\/api.w.org\/{rel}","templated":true}]}}